{"id":38,"date":"2025-12-07T20:28:01","date_gmt":"2025-12-07T20:28:01","guid":{"rendered":"https:\/\/thinkphoto.de\/?page_id=38"},"modified":"2025-12-15T09:36:45","modified_gmt":"2025-12-15T09:36:45","slug":"impressum","status":"publish","type":"page","link":"https:\/\/www.thinkphoto.de\/?page_id=38","title":{"rendered":"Impressum"},"content":{"rendered":"\n<p><strong>Angaben gem\u00e4\u00df \u00a7 5 TMG<\/strong><\/p>\n\n\n\n<p><strong>Timo Schlolaut<\/strong><br>Zum Gallb\u00fchl 42<br>37079 G\u00f6ttingen<br>Deutschland<\/p>\n\n\n\n<p><strong>Kontakt<\/strong><br>E-Mail: <strong><a>mail@thinkphoto.de<\/a><\/strong><\/p>\n\n\n\n<p><strong>Verantwortlich f\u00fcr den Inhalt nach \u00a7 18 Abs. 2 MStV<\/strong><br>Timo Schlolaut<br>Zum Gallb\u00fchl 42, 37079 G\u00f6ttingen<\/p>\n\n\n\n<hr class=\"wp-block-separator has-alpha-channel-opacity\"\/>\n\n\n\n<h2 class=\"wp-block-heading\"><strong>Hosting<\/strong><\/h2>\n\n\n\n<p>Diese Website wird betrieben auf Servern der:<\/p>\n\n\n\n<p><strong>STRATO AG<\/strong><br>Otto-Ostrowski-Stra\u00dfe 7<br>10249 Berlin<br>Deutschland<\/p>\n\n\n\n<hr class=\"wp-block-separator has-alpha-channel-opacity\"\/>\n\n\n\n<h2 class=\"wp-block-heading\"><strong>Haftung f\u00fcr Inhalte<\/strong><\/h2>\n\n\n\n<p>Als Diensteanbieter bin ich gem\u00e4\u00df \u00a7 7 Abs. 1 TMG f\u00fcr eigene Inhalte auf diesen Seiten nach den allgemeinen Gesetzen verantwortlich.<br>Nach \u00a7\u00a7 8 bis 10 TMG bin ich als Diensteanbieter jedoch nicht verpflichtet, \u00fcbermittelte oder gespeicherte fremde Informationen zu \u00fcberwachen oder nach Umst\u00e4nden zu forschen, die auf eine rechtswidrige T\u00e4tigkeit hinweisen.<br>Verpflichtungen zur Entfernung oder Sperrung der Nutzung von Informationen nach den allgemeinen Gesetzen bleiben hiervon unber\u00fchrt. Eine diesbez\u00fcgliche Haftung ist jedoch erst ab dem Zeitpunkt der Kenntnis einer konkreten Rechtsverletzung m\u00f6glich. Bei Bekanntwerden entsprechender Rechtsverletzungen werde ich diese Inhalte umgehend entfernen.<\/p>\n\n\n\n<hr class=\"wp-block-separator has-alpha-channel-opacity\"\/>\n\n\n\n<h2 class=\"wp-block-heading\"><strong>Haftung f\u00fcr Links<\/strong><\/h2>\n\n\n\n<p>Diese Website enth\u00e4lt ggf. Links zu externen Websites Dritter, auf deren Inhalte ich keinen Einfluss habe.<br>Deshalb kann ich f\u00fcr diese fremden Inhalte auch keine Gew\u00e4hr \u00fcbernehmen.<br>F\u00fcr die Inhalte der verlinkten Seiten ist stets der jeweilige Anbieter oder Betreiber der Seiten verantwortlich.<br>Bei Bekanntwerden von Rechtsverletzungen werde ich derartige Links umgehend entfernen.<\/p>\n\n\n\n<hr class=\"wp-block-separator has-alpha-channel-opacity\"\/>\n\n\n\n<h2 class=\"wp-block-heading\"><strong>Urheberrecht<\/strong><\/h2>\n\n\n\n<p>Die durch mich erstellten Inhalte und Werke auf diesen Seiten unterliegen dem deutschen Urheberrecht.<br>Die Vervielf\u00e4ltigung, Bearbeitung, Verbreitung und jede Art der Verwertung au\u00dferhalb der Grenzen des Urheberrechts bed\u00fcrfen meiner schriftlichen Zustimmung.<br>Downloads und Kopien dieser Seite sind nur f\u00fcr den privaten, nicht kommerziellen Gebrauch gestattet.<\/p>\n\n\n\n<hr class=\"wp-block-separator has-alpha-channel-opacity\"\/>\n\n\n\n<h2 class=\"wp-block-heading\"><strong>Streitschlichtung<\/strong><\/h2>\n\n\n\n<p>Die Europ\u00e4ische Kommission stellt eine Plattform zur Online-Streitbeilegung (OS-Plattform) bereit:<br><a>https:\/\/ec.europa.eu\/consumers\/odr<\/a><\/p>\n\n\n\n<p>Ich bin nicht verpflichtet und nicht bereit, an einem Streitbeilegungsverfahren vor einer Verbraucherschlichtungsstelle teilzunehmen.<\/p>\n","protected":false},"excerpt":{"rendered":"<p>Angaben gem\u00e4\u00df \u00a7 5 TMG Timo SchlolautZum Gallb\u00fchl 4237079 G\u00f6ttingenDeutschland KontaktE-Mail: mail@thinkphoto.de Verantwortlich f\u00fcr den Inhalt nach \u00a7 18 Abs. 2 MStVTimo SchlolautZum Gallb\u00fchl 42, 37079 G\u00f6ttingen Hosting Diese Website wird betrieben auf Servern der: STRATO AGOtto-Ostrowski-Stra\u00dfe 710249 BerlinDeutschland Haftung f\u00fcr Inhalte Als Diensteanbieter bin ich gem\u00e4\u00df \u00a7 7 Abs. &hellip;<\/p>\n<div class=\"wrap-excerpt-more\"><a class=\"excerpt-more\" href=\"https:\/\/www.thinkphoto.de\/?page_id=38\">Read more<\/a><\/div>\n","protected":false},"author":1,"featured_media":0,"parent":0,"menu_order":0,"comment_status":"closed","ping_status":"closed","template":"template-full-width.php","meta":{"footnotes":""},"class_list":["post-38","page","type-page","status-publish","hentry","post--no-featured-image"],"_links":{"self":[{"href":"https:\/\/www.thinkphoto.de\/index.php?rest_route=\/wp\/v2\/pages\/38","targetHints":{"allow":["GET"]}}],"collection":[{"href":"https:\/\/www.thinkphoto.de\/index.php?rest_route=\/wp\/v2\/pages"}],"about":[{"href":"https:\/\/www.thinkphoto.de\/index.php?rest_route=\/wp\/v2\/types\/page"}],"author":[{"embeddable":true,"href":"https:\/\/www.thinkphoto.de\/index.php?rest_route=\/wp\/v2\/users\/1"}],"replies":[{"embeddable":true,"href":"https:\/\/www.thinkphoto.de\/index.php?rest_route=%2Fwp%2Fv2%2Fcomments&post=38"}],"version-history":[{"count":5,"href":"https:\/\/www.thinkphoto.de\/index.php?rest_route=\/wp\/v2\/pages\/38\/revisions"}],"predecessor-version":[{"id":246,"href":"https:\/\/www.thinkphoto.de\/index.php?rest_route=\/wp\/v2\/pages\/38\/revisions\/246"}],"wp:attachment":[{"href":"https:\/\/www.thinkphoto.de\/index.php?rest_route=%2Fwp%2Fv2%2Fmedia&parent=38"}],"curies":[{"name":"wp","href":"https:\/\/api.w.org\/{rel}","templated":true}]}}