{"id":64,"date":"2025-12-08T15:05:52","date_gmt":"2025-12-08T15:05:52","guid":{"rendered":"https:\/\/thinkphoto.de\/?page_id=64"},"modified":"2025-12-12T08:20:11","modified_gmt":"2025-12-12T08:20:11","slug":"about-me","status":"publish","type":"page","link":"https:\/\/www.thinkphoto.de\/?page_id=64","title":{"rendered":"About me"},"content":{"rendered":"\n<p class=\"has-black-color has-text-color has-link-color wp-elements-5468f8f567fcc696dabd569b50bd4574\"><strong>Hi, ich bin Timo Schlolaut \u2013 der Mensch hinter thinkphoto.de.<\/strong><\/p>\n\n\n\n<p>Fotografie begleitet mich schon, seit ich eine Kamera halten konnte. Bereits in der Schulzeit war ich derjenige, der immer Fotos machte \u2013 oft einfach aus Neugier, manchmal aus dem Bauch heraus. Freunde meiner Eltern sagten damals schon, ich h\u00e4tte ein gutes Auge. Vielleicht war das der Anfang von all dem hier.<\/p>\n\n\n\n<p>\u00dcber die Jahre habe ich nie aufgeh\u00f6rt zu fotografieren. Nicht, weil ich es musste, sondern weil es mich erf\u00fcllt. F\u00fcr mich ist Fotografie Emotion: der echte, ungeplante Moment bei Events oder Hochzeiten; das kurze Aufflammen von N\u00e4he, Freude oder Bewegung, das man nur sieht, wenn man im richtigen Augenblick bereit ist.<br>Und in der Landschaftsfotografie fasziniert mich etwas anderes \u2013 das Sch\u00f6ne, das Ruhige, das Zeitlose.<\/p>\n\n\n\n<div class=\"wp-block-media-text is-stacked-on-mobile is-image-fill-element is-style-rounded\" style=\"grid-template-columns:36% auto\"><figure class=\"wp-block-media-text__media\"><img loading=\"lazy\" decoding=\"async\" width=\"921\" height=\"921\" src=\"https:\/\/www.thinkphoto.de\/wp-content\/uploads\/2025\/12\/IMG_9322_edit.jpg\" alt=\"\" class=\"wp-image-213 size-full\" style=\"object-position:50% 50%\" srcset=\"https:\/\/www.thinkphoto.de\/wp-content\/uploads\/2025\/12\/IMG_9322_edit.jpg 921w, https:\/\/www.thinkphoto.de\/wp-content\/uploads\/2025\/12\/IMG_9322_edit-300x300.jpg 300w, https:\/\/www.thinkphoto.de\/wp-content\/uploads\/2025\/12\/IMG_9322_edit-150x150.jpg 150w, https:\/\/www.thinkphoto.de\/wp-content\/uploads\/2025\/12\/IMG_9322_edit-768x768.jpg 768w\" sizes=\"auto, (max-width: 921px) 100vw, 921px\" \/><\/figure><div class=\"wp-block-media-text__content\">\n<p>Ich habe mich nie auf ein Motiv festgelegt. Ich fotografiere schlicht alles gern. Vielleicht, weil das Leben selbst so viele Facetten hat. Mein Stil ist dabei kontrastreich, dokumentarisch und eher leise \u2013 Bilder, die nicht laut schreien m\u00fcssen, um etwas zu erz\u00e4hlen.<\/p>\n\n\n\n<p>Viele Jahre war Canon mein Zuhause, vor allem die 5D-Reihe in all ihren Generationen. Heute arbeite ich \u00fcberwiegend mit der Leica Q3 und der SL3 \u2013 Kameras, die mich inspirieren und mit denen ich meine Art zu sehen am besten ausdr\u00fccken kann.<\/p>\n<\/div><\/div>\n\n\n\n<p><strong>thinkphoto.de ist f\u00fcr mich eine Galerie.<\/strong><br>Ein Ort, an dem die letzten Jahrzehnte Fotografie von mir ein Zuhause finden \u2013 ohne Anspruch, ohne Regeln, einfach als Sammlung von Momenten.<\/p>\n\n\n\n<p>Ich fotografiere seit rund 30 Jahren aus Spa\u00df. Ich bin kein Profi, aber leidenschaftlich.<br>Und genau das sollen meine Bilder zeigen: kleine Momentaufnahmen meines Lebens.<\/p>\n\n\n\n<p>Wenn ich nicht fotografiere, bin ich meistens IT-Nerd, Kaffeejunkie oder irgendwie sportlich unterwegs. Aber egal, wo ich bin \u2013 irgendeine Kamera ist fast immer dabei.<\/p>\n\n\n\n<p>Viele Gr\u00fc\u00dfe<\/p>\n\n\n\n<figure class=\"wp-block-image size-full is-resized\"><img loading=\"lazy\" decoding=\"async\" width=\"580\" height=\"370\" src=\"https:\/\/www.thinkphoto.de\/wp-content\/uploads\/2025\/12\/unterschrift.png\" alt=\"\" class=\"wp-image-205\" style=\"aspect-ratio:1.5676805200835848;width:257px;height:auto\" srcset=\"https:\/\/www.thinkphoto.de\/wp-content\/uploads\/2025\/12\/unterschrift.png 580w, https:\/\/www.thinkphoto.de\/wp-content\/uploads\/2025\/12\/unterschrift-300x191.png 300w\" sizes=\"auto, (max-width: 580px) 100vw, 580px\" \/><\/figure>\n\n\n\n<p><\/p>\n","protected":false},"excerpt":{"rendered":"<p>Hi, ich bin Timo Schlolaut \u2013 der Mensch hinter thinkphoto.de. Fotografie begleitet mich schon, seit ich eine Kamera halten konnte. Bereits in der Schulzeit war ich derjenige, der immer Fotos machte \u2013 oft einfach aus Neugier, manchmal aus dem Bauch heraus. Freunde meiner Eltern sagten damals schon, ich h\u00e4tte ein &hellip;<\/p>\n<div class=\"wrap-excerpt-more\"><a class=\"excerpt-more\" href=\"https:\/\/www.thinkphoto.de\/?page_id=64\">Read more<\/a><\/div>\n","protected":false},"author":1,"featured_media":0,"parent":0,"menu_order":0,"comment_status":"closed","ping_status":"closed","template":"template-full-width.php","meta":{"footnotes":""},"class_list":["post-64","page","type-page","status-publish","hentry","post--no-featured-image"],"_links":{"self":[{"href":"https:\/\/www.thinkphoto.de\/index.php?rest_route=\/wp\/v2\/pages\/64","targetHints":{"allow":["GET"]}}],"collection":[{"href":"https:\/\/www.thinkphoto.de\/index.php?rest_route=\/wp\/v2\/pages"}],"about":[{"href":"https:\/\/www.thinkphoto.de\/index.php?rest_route=\/wp\/v2\/types\/page"}],"author":[{"embeddable":true,"href":"https:\/\/www.thinkphoto.de\/index.php?rest_route=\/wp\/v2\/users\/1"}],"replies":[{"embeddable":true,"href":"https:\/\/www.thinkphoto.de\/index.php?rest_route=%2Fwp%2Fv2%2Fcomments&post=64"}],"version-history":[{"count":12,"href":"https:\/\/www.thinkphoto.de\/index.php?rest_route=\/wp\/v2\/pages\/64\/revisions"}],"predecessor-version":[{"id":214,"href":"https:\/\/www.thinkphoto.de\/index.php?rest_route=\/wp\/v2\/pages\/64\/revisions\/214"}],"wp:attachment":[{"href":"https:\/\/www.thinkphoto.de\/index.php?rest_route=%2Fwp%2Fv2%2Fmedia&parent=64"}],"curies":[{"name":"wp","href":"https:\/\/api.w.org\/{rel}","templated":true}]}}